{"id":806,"date":"2022-12-22T19:32:47","date_gmt":"2022-12-22T19:32:47","guid":{"rendered":"http:\/\/52.53.150.226\/blog\/"},"modified":"2023-01-23T15:37:46","modified_gmt":"2023-01-23T15:37:46","slug":"blog","status":"publish","type":"page","link":"http:\/\/52.53.150.226\/fr\/blog\/","title":{"rendered":"Blog"},"content":{"rendered":"\t\t<div data-elementor-type=\"wp-page\" data-elementor-id=\"806\" class=\"elementor elementor-806 elementor-15\">\n\t\t\t\t\t\t\t\t\t<section class=\"elementor-section elementor-top-section elementor-element elementor-element-3d55e614 elementor-section-boxed elementor-section-height-default elementor-section-height-default\" data-id=\"3d55e614\" data-element_type=\"section\" data-settings=\"{&quot;background_background&quot;:&quot;classic&quot;}\">\n\t\t\t\t\t\t\t<div class=\"elementor-background-overlay\"><\/div>\n\t\t\t\t\t\t\t<div class=\"elementor-container elementor-column-gap-default\">\n\t\t\t\t\t<div class=\"elementor-column elementor-col-100 elementor-top-column elementor-element elementor-element-3ccf5a5f\" data-id=\"3ccf5a5f\" data-element_type=\"column\">\n\t\t\t<div class=\"elementor-widget-wrap elementor-element-populated\">\n\t\t\t\t\t\t\t\t<div class=\"elementor-element elementor-element-5d3afa4b animated-slow elementor-invisible elementor-widget elementor-widget-heading\" data-id=\"5d3afa4b\" data-element_type=\"widget\" data-settings=\"{&quot;_animation&quot;:&quot;fadeInRight&quot;}\" data-widget_type=\"heading.default\">\n\t\t\t\t<div class=\"elementor-widget-container\">\n\t\t\t<style>\/*! elementor - v3.10.2 - 29-01-2023 *\/\n.elementor-heading-title{padding:0;margin:0;line-height:1}.elementor-widget-heading .elementor-heading-title[class*=elementor-size-]>a{color:inherit;font-size:inherit;line-height:inherit}.elementor-widget-heading .elementor-heading-title.elementor-size-small{font-size:15px}.elementor-widget-heading .elementor-heading-title.elementor-size-medium{font-size:19px}.elementor-widget-heading .elementor-heading-title.elementor-size-large{font-size:29px}.elementor-widget-heading .elementor-heading-title.elementor-size-xl{font-size:39px}.elementor-widget-heading .elementor-heading-title.elementor-size-xxl{font-size:59px}<\/style><h2 class=\"elementor-heading-title elementor-size-default\">Notre blog<\/h2>\t\t<\/div>\n\t\t\t\t<\/div>\n\t\t\t\t<div class=\"elementor-element elementor-element-5f868a87 elementor-widget__width-auto elementor-widget elementor-widget-text-editor\" data-id=\"5f868a87\" data-element_type=\"widget\" data-widget_type=\"text-editor.default\">\n\t\t\t\t<div class=\"elementor-widget-container\">\n\t\t\t<style>\/*! elementor - v3.10.2 - 29-01-2023 *\/\n.elementor-widget-text-editor.elementor-drop-cap-view-stacked .elementor-drop-cap{background-color:#818a91;color:#fff}.elementor-widget-text-editor.elementor-drop-cap-view-framed .elementor-drop-cap{color:#818a91;border:3px solid;background-color:transparent}.elementor-widget-text-editor:not(.elementor-drop-cap-view-default) .elementor-drop-cap{margin-top:8px}.elementor-widget-text-editor:not(.elementor-drop-cap-view-default) .elementor-drop-cap-letter{width:1em;height:1em}.elementor-widget-text-editor .elementor-drop-cap{float:left;text-align:center;line-height:1;font-size:50px}.elementor-widget-text-editor .elementor-drop-cap-letter{display:inline-block}<\/style>\t\t\t\t<p>Crassus<\/p>\n\t\t\t\t\t\t<\/div>\n\t\t\t\t<\/div>\n\t\t\t\t<div class=\"elementor-element elementor-element-5428265e elementor-widget__width-auto elementor-view-default elementor-widget elementor-widget-icon\" data-id=\"5428265e\" data-element_type=\"widget\" data-widget_type=\"icon.default\">\n\t\t\t\t<div class=\"elementor-widget-container\">\n\t\t\t\t\t<div class=\"elementor-icon-wrapper\">\n\t\t\t<div class=\"elementor-icon\">\n\t\t\t<i aria-hidden=\"true\" class=\"fas fa-chevron-circle-right\"><\/i>\t\t\t<\/div>\n\t\t<\/div>\n\t\t\t\t<\/div>\n\t\t\t\t<\/div>\n\t\t\t\t<div class=\"elementor-element elementor-element-5e8a4af6 elementor-widget__width-auto elementor-widget elementor-widget-text-editor\" data-id=\"5e8a4af6\" data-element_type=\"widget\" data-widget_type=\"text-editor.default\">\n\t\t\t\t<div class=\"elementor-widget-container\">\n\t\t\t\t\t\t\t<p>Notre blog<\/p>\n\t\t\t\t\t\t<\/div>\n\t\t\t\t<\/div>\n\t\t\t\t\t<\/div>\n\t\t<\/div>\n\t\t\t\t\t\t\t<\/div>\n\t\t<\/section>\n\t\t\t\t<section class=\"elementor-section elementor-top-section elementor-element elementor-element-2d4b7ae5 elementor-section-boxed elementor-section-height-default elementor-section-height-default\" data-id=\"2d4b7ae5\" data-element_type=\"section\">\n\t\t\t\t\t\t\t<div class=\"elementor-background-overlay\"><\/div>\n\t\t\t\t\t\t\t<div class=\"elementor-container elementor-column-gap-no\">\n\t\t\t\t\t<div class=\"elementor-column elementor-col-100 elementor-top-column elementor-element elementor-element-362a56f\" data-id=\"362a56f\" data-element_type=\"column\">\n\t\t\t<div class=\"elementor-widget-wrap elementor-element-populated\">\n\t\t\t\t\t\t\t\t<section class=\"elementor-section elementor-inner-section elementor-element elementor-element-6761fde8 elementor-section-boxed elementor-section-height-default elementor-section-height-default\" data-id=\"6761fde8\" data-element_type=\"section\">\n\t\t\t\t\t\t<div class=\"elementor-container elementor-column-gap-no\">\n\t\t\t\t\t<div class=\"elementor-column elementor-col-100 elementor-inner-column elementor-element elementor-element-4453123\" data-id=\"4453123\" data-element_type=\"column\">\n\t\t\t<div class=\"elementor-widget-wrap elementor-element-populated\">\n\t\t\t\t\t\t\t\t<div class=\"elementor-element elementor-element-faf07b4 animated-slow elementor-invisible elementor-widget elementor-widget-heading\" data-id=\"faf07b4\" data-element_type=\"widget\" data-settings=\"{&quot;_animation&quot;:&quot;fadeInLeft&quot;}\" data-widget_type=\"heading.default\">\n\t\t\t\t<div class=\"elementor-widget-container\">\n\t\t\t<h5 class=\"elementor-heading-title elementor-size-default\">Notre blog<\/h5>\t\t<\/div>\n\t\t\t\t<\/div>\n\t\t\t\t<div class=\"elementor-element elementor-element-d88d8b2 animated-slow elementor-invisible elementor-widget elementor-widget-heading\" data-id=\"d88d8b2\" data-element_type=\"widget\" data-settings=\"{&quot;_animation&quot;:&quot;fadeInRight&quot;}\" data-widget_type=\"heading.default\">\n\t\t\t\t<div class=\"elementor-widget-container\">\n\t\t\t<h2 class=\"elementor-heading-title elementor-size-default\">Nouvelles et mises \u00e0 jour<\/h2>\t\t<\/div>\n\t\t\t\t<\/div>\n\t\t\t\t<div class=\"elementor-element elementor-element-51f71994 elementor-widget elementor-widget-text-editor\" data-id=\"51f71994\" data-element_type=\"widget\" data-widget_type=\"text-editor.default\">\n\t\t\t\t<div class=\"elementor-widget-container\">\n\t\t\t\t\t\t\t<p>Dans notre blog, vous trouverez r\u00e9guli\u00e8rement des articles courts avec un contenu actualis\u00e9 et frais sur les projets Crassus.<\/p>\n\t\t\t\t\t\t<\/div>\n\t\t\t\t<\/div>\n\t\t\t\t\t<\/div>\n\t\t<\/div>\n\t\t\t\t\t\t\t<\/div>\n\t\t<\/section>\n\t\t\t\t\t<\/div>\n\t\t<\/div>\n\t\t\t\t\t\t\t<\/div>\n\t\t<\/section>\n\t\t\t\t<section class=\"elementor-section elementor-top-section elementor-element elementor-element-377323f elementor-section-boxed elementor-section-height-default elementor-section-height-default\" data-id=\"377323f\" data-element_type=\"section\" data-settings=\"{&quot;background_background&quot;:&quot;classic&quot;}\">\n\t\t\t\t\t\t\t<div class=\"elementor-background-overlay\"><\/div>\n\t\t\t\t\t\t\t<div class=\"elementor-container elementor-column-gap-no\">\n\t\t\t\t\t<div class=\"elementor-column elementor-col-100 elementor-top-column elementor-element elementor-element-64207386\" data-id=\"64207386\" data-element_type=\"column\">\n\t\t\t<div class=\"elementor-widget-wrap elementor-element-populated\">\n\t\t\t\t\t\t\t\t<div class=\"elementor-element elementor-element-566b9f37 animated-slow elementor-invisible elementor-widget elementor-widget-heading\" data-id=\"566b9f37\" data-element_type=\"widget\" data-settings=\"{&quot;_animation&quot;:&quot;fadeInRight&quot;}\" data-widget_type=\"heading.default\">\n\t\t\t\t<div class=\"elementor-widget-container\">\n\t\t\t<h2 class=\"elementor-heading-title elementor-size-default\">Restez \u00e0 jour avec les nouvelles, les \u00e9v\u00e9nements sp\u00e9ciaux et plus encore !<\/h2>\t\t<\/div>\n\t\t\t\t<\/div>\n\t\t\t\t<div class=\"elementor-element elementor-element-4d60bcbc animated-slow elementor-invisible elementor-widget elementor-widget-jkit_mailchimp\" data-id=\"4d60bcbc\" data-element_type=\"widget\" data-settings=\"{&quot;_animation&quot;:&quot;fadeInRight&quot;}\" data-widget_type=\"jkit_mailchimp.default\">\n\t\t\t\t<div class=\"elementor-widget-container\">\n\t\t\t<div class=\"jeg-elementor-kit jkit-mailchimp style-inline jeg_module___69e4da57ab788\"><form method=\"post\" class=\"jkit-mailchimp-form\" data-listed=\"\" data-success-message=\"Correo Suscrito Correctamente!\" data-error-message=\"Un probl\u00e8me est survenu\">\n            <div class=\"jkit-mailchimp-message\"><\/div>\n            <div class=\"jkit-form-wrapper email-form\">\n                <div class=\"jkit-mailchimp-email jkit-input-wrapper input-container\">\n            <div class=\"jkit-form-group\">\n                <div class=\"jkit-input-element-container jkit-input-group\">\n                    <input type=\"email\" name=\"email\" class=\"jkit-email jkit-form-control \" placeholder=\"Tu Correo Electr\u00f3nico\" required=\"\">\n                <\/div>\n            <\/div>\n        <\/div><div class=\"jkit-submit-input-holder jkit-input-wrapper\">\n            <button type=\"submit\" class=\"jkit-mailchimp-submit position-before\" name=\"jkit-mailchimp\">\n                Suscribirse\n            <\/button>\n        <\/div>\n            <\/div>\n        <\/form><\/div>\t\t<\/div>\n\t\t\t\t<\/div>\n\t\t\t\t\t<\/div>\n\t\t<\/div>\n\t\t\t\t\t\t\t<\/div>\n\t\t<\/section>\n\t\t\t\t\t\t\t<\/div>\n\t\t","protected":false},"excerpt":{"rendered":"<p>Notre blog Crassus Notre blog Notre blog Nouvelles et mises \u00e0 jour Dans notre blog, vous trouverez r\u00e9guli\u00e8rement des articles courts avec un contenu actualis\u00e9 et frais sur les projets Crassus. Restez \u00e0 jour avec les nouvelles, les \u00e9v\u00e9nements sp\u00e9ciaux et plus encore ! Suscribirse<\/p>\n","protected":false},"author":1,"featured_media":0,"parent":0,"menu_order":0,"comment_status":"closed","ping_status":"closed","template":"","meta":[],"_links":{"self":[{"href":"http:\/\/52.53.150.226\/fr\/wp-json\/wp\/v2\/pages\/806"}],"collection":[{"href":"http:\/\/52.53.150.226\/fr\/wp-json\/wp\/v2\/pages"}],"about":[{"href":"http:\/\/52.53.150.226\/fr\/wp-json\/wp\/v2\/types\/page"}],"author":[{"embeddable":true,"href":"http:\/\/52.53.150.226\/fr\/wp-json\/wp\/v2\/users\/1"}],"replies":[{"embeddable":true,"href":"http:\/\/52.53.150.226\/fr\/wp-json\/wp\/v2\/comments?post=806"}],"version-history":[{"count":2,"href":"http:\/\/52.53.150.226\/fr\/wp-json\/wp\/v2\/pages\/806\/revisions"}],"predecessor-version":[{"id":863,"href":"http:\/\/52.53.150.226\/fr\/wp-json\/wp\/v2\/pages\/806\/revisions\/863"}],"wp:attachment":[{"href":"http:\/\/52.53.150.226\/fr\/wp-json\/wp\/v2\/media?parent=806"}],"curies":[{"name":"wp","href":"https:\/\/api.w.org\/{rel}","templated":true}]}}