{"id":817,"date":"2022-12-22T19:34:07","date_gmt":"2022-12-22T19:34:07","guid":{"rendered":"http:\/\/52.53.150.226\/kukul\/"},"modified":"2023-01-23T15:37:47","modified_gmt":"2023-01-23T15:37:47","slug":"kukul","status":"publish","type":"page","link":"http:\/\/52.53.150.226\/fr\/kukul\/","title":{"rendered":"Kukul"},"content":{"rendered":"\t\t<div data-elementor-type=\"wp-page\" data-elementor-id=\"817\" class=\"elementor elementor-817 elementor-23\">\n\t\t\t\t\t\t\t\t\t<section class=\"elementor-section elementor-top-section elementor-element elementor-element-74214b7 elementor-section-boxed elementor-section-height-default elementor-section-height-default\" data-id=\"74214b7\" data-element_type=\"section\" data-settings=\"{&quot;background_background&quot;:&quot;classic&quot;}\">\n\t\t\t\t\t\t\t<div class=\"elementor-background-overlay\"><\/div>\n\t\t\t\t\t\t\t<div class=\"elementor-container elementor-column-gap-default\">\n\t\t\t\t\t<div class=\"elementor-column elementor-col-100 elementor-top-column elementor-element elementor-element-1eb8ea38\" data-id=\"1eb8ea38\" data-element_type=\"column\">\n\t\t\t<div class=\"elementor-widget-wrap elementor-element-populated\">\n\t\t\t\t\t\t\t\t<div class=\"elementor-element elementor-element-14f27fc8 animated-slow elementor-invisible elementor-widget elementor-widget-heading\" data-id=\"14f27fc8\" data-element_type=\"widget\" data-settings=\"{&quot;_animation&quot;:&quot;fadeInRight&quot;}\" data-widget_type=\"heading.default\">\n\t\t\t\t<div class=\"elementor-widget-container\">\n\t\t\t<style>\/*! elementor - v3.10.2 - 29-01-2023 *\/\n.elementor-heading-title{padding:0;margin:0;line-height:1}.elementor-widget-heading .elementor-heading-title[class*=elementor-size-]>a{color:inherit;font-size:inherit;line-height:inherit}.elementor-widget-heading .elementor-heading-title.elementor-size-small{font-size:15px}.elementor-widget-heading .elementor-heading-title.elementor-size-medium{font-size:19px}.elementor-widget-heading .elementor-heading-title.elementor-size-large{font-size:29px}.elementor-widget-heading .elementor-heading-title.elementor-size-xl{font-size:39px}.elementor-widget-heading .elementor-heading-title.elementor-size-xxl{font-size:59px}<\/style><h2 class=\"elementor-heading-title elementor-size-default\">Kukul<\/h2>\t\t<\/div>\n\t\t\t\t<\/div>\n\t\t\t\t<div class=\"elementor-element elementor-element-59f22bb0 elementor-widget-divider--view-line elementor-widget elementor-widget-divider\" data-id=\"59f22bb0\" data-element_type=\"widget\" data-widget_type=\"divider.default\">\n\t\t\t\t<div class=\"elementor-widget-container\">\n\t\t\t<style>\/*! elementor - v3.10.2 - 29-01-2023 *\/\n.elementor-widget-divider{--divider-border-style:none;--divider-border-width:1px;--divider-color:#2c2c2c;--divider-icon-size:20px;--divider-element-spacing:10px;--divider-pattern-height:24px;--divider-pattern-size:20px;--divider-pattern-url:none;--divider-pattern-repeat:repeat-x}.elementor-widget-divider .elementor-divider{display:flex}.elementor-widget-divider .elementor-divider__text{font-size:15px;line-height:1;max-width:95%}.elementor-widget-divider .elementor-divider__element{margin:0 var(--divider-element-spacing);flex-shrink:0}.elementor-widget-divider .elementor-icon{font-size:var(--divider-icon-size)}.elementor-widget-divider .elementor-divider-separator{display:flex;margin:0;direction:ltr}.elementor-widget-divider--view-line_icon .elementor-divider-separator,.elementor-widget-divider--view-line_text .elementor-divider-separator{align-items:center}.elementor-widget-divider--view-line_icon .elementor-divider-separator:after,.elementor-widget-divider--view-line_icon .elementor-divider-separator:before,.elementor-widget-divider--view-line_text .elementor-divider-separator:after,.elementor-widget-divider--view-line_text .elementor-divider-separator:before{display:block;content:\"\";border-bottom:0;flex-grow:1;border-top:var(--divider-border-width) var(--divider-border-style) var(--divider-color)}.elementor-widget-divider--element-align-left .elementor-divider .elementor-divider-separator>.elementor-divider__svg:first-of-type{flex-grow:0;flex-shrink:100}.elementor-widget-divider--element-align-left .elementor-divider-separator:before{content:none}.elementor-widget-divider--element-align-left .elementor-divider__element{margin-left:0}.elementor-widget-divider--element-align-right .elementor-divider .elementor-divider-separator>.elementor-divider__svg:last-of-type{flex-grow:0;flex-shrink:100}.elementor-widget-divider--element-align-right .elementor-divider-separator:after{content:none}.elementor-widget-divider--element-align-right .elementor-divider__element{margin-right:0}.elementor-widget-divider:not(.elementor-widget-divider--view-line_text):not(.elementor-widget-divider--view-line_icon) .elementor-divider-separator{border-top:var(--divider-border-width) var(--divider-border-style) var(--divider-color)}.elementor-widget-divider--separator-type-pattern{--divider-border-style:none}.elementor-widget-divider--separator-type-pattern.elementor-widget-divider--view-line .elementor-divider-separator,.elementor-widget-divider--separator-type-pattern:not(.elementor-widget-divider--view-line) .elementor-divider-separator:after,.elementor-widget-divider--separator-type-pattern:not(.elementor-widget-divider--view-line) .elementor-divider-separator:before,.elementor-widget-divider--separator-type-pattern:not([class*=elementor-widget-divider--view]) .elementor-divider-separator{width:100%;min-height:var(--divider-pattern-height);-webkit-mask-size:var(--divider-pattern-size) 100%;mask-size:var(--divider-pattern-size) 100%;-webkit-mask-repeat:var(--divider-pattern-repeat);mask-repeat:var(--divider-pattern-repeat);background-color:var(--divider-color);-webkit-mask-image:var(--divider-pattern-url);mask-image:var(--divider-pattern-url)}.elementor-widget-divider--no-spacing{--divider-pattern-size:auto}.elementor-widget-divider--bg-round{--divider-pattern-repeat:round}.rtl .elementor-widget-divider .elementor-divider__text{direction:rtl}.e-con-inner>.elementor-widget-divider,.e-con>.elementor-widget-divider{width:var(--container-widget-width);--flex-grow:var(--container-widget-flex-grow)}<\/style>\t\t<div class=\"elementor-divider\">\n\t\t\t<span class=\"elementor-divider-separator\">\n\t\t\t\t\t\t<\/span>\n\t\t<\/div>\n\t\t\t\t<\/div>\n\t\t\t\t<\/div>\n\t\t\t\t<div class=\"elementor-element elementor-element-7c62426e elementor-widget elementor-widget-text-editor\" data-id=\"7c62426e\" data-element_type=\"widget\" data-widget_type=\"text-editor.default\">\n\t\t\t\t<div class=\"elementor-widget-container\">\n\t\t\t<style>\/*! elementor - v3.10.2 - 29-01-2023 *\/\n.elementor-widget-text-editor.elementor-drop-cap-view-stacked .elementor-drop-cap{background-color:#818a91;color:#fff}.elementor-widget-text-editor.elementor-drop-cap-view-framed .elementor-drop-cap{color:#818a91;border:3px solid;background-color:transparent}.elementor-widget-text-editor:not(.elementor-drop-cap-view-default) .elementor-drop-cap{margin-top:8px}.elementor-widget-text-editor:not(.elementor-drop-cap-view-default) .elementor-drop-cap-letter{width:1em;height:1em}.elementor-widget-text-editor .elementor-drop-cap{float:left;text-align:center;line-height:1;font-size:50px}.elementor-widget-text-editor .elementor-drop-cap-letter{display:inline-block}<\/style>\t\t\t\t<p class=\"elementor-heading-title elementor-size-default\">\u00c0 SEULEMENT 5 MINUTES DE LA PLAGE !<\/p>\n\t\t\t\t\t\t<\/div>\n\t\t\t\t<\/div>\n\t\t\t\t\t<\/div>\n\t\t<\/div>\n\t\t\t\t\t\t\t<\/div>\n\t\t<\/section>\n\t\t\t\t<section class=\"elementor-section elementor-top-section elementor-element elementor-element-2b6a700b elementor-section-boxed elementor-section-height-default elementor-section-height-default\" data-id=\"2b6a700b\" data-element_type=\"section\">\n\t\t\t\t\t\t<div class=\"elementor-container elementor-column-gap-no\">\n\t\t\t\t\t<div class=\"elementor-column elementor-col-50 elementor-top-column elementor-element elementor-element-2c393c96\" data-id=\"2c393c96\" data-element_type=\"column\" data-settings=\"{&quot;background_background&quot;:&quot;classic&quot;}\">\n\t\t\t<div class=\"elementor-widget-wrap\">\n\t\t\t\t\t\t\t\t\t<\/div>\n\t\t<\/div>\n\t\t\t\t<div class=\"elementor-column elementor-col-50 elementor-top-column elementor-element elementor-element-48580ce3\" data-id=\"48580ce3\" data-element_type=\"column\">\n\t\t\t<div class=\"elementor-widget-wrap elementor-element-populated\">\n\t\t\t\t\t\t\t\t<div class=\"elementor-element elementor-element-4ce4f235 animated-slow elementor-invisible elementor-widget elementor-widget-heading\" data-id=\"4ce4f235\" data-element_type=\"widget\" data-settings=\"{&quot;_animation&quot;:&quot;fadeInRight&quot;}\" data-widget_type=\"heading.default\">\n\t\t\t\t<div class=\"elementor-widget-container\">\n\t\t\t<h5 class=\"elementor-heading-title elementor-size-default\">RENCONTRE AVEC KUKUL<\/h5>\t\t<\/div>\n\t\t\t\t<\/div>\n\t\t\t\t<div class=\"elementor-element elementor-element-2a2eb5a9 elementor-widget elementor-widget-text-editor\" data-id=\"2a2eb5a9\" data-element_type=\"widget\" data-widget_type=\"text-editor.default\">\n\t\t\t\t<div class=\"elementor-widget-container\">\n\t\t\t\t\t\t\t<p>Les meilleures destinations en termes de croissance immobili\u00e8re se trouvent dans la Riviera Maya, Tulum est le meilleur endroit au monde pour investir dans l&rsquo;immobilier.<\/p>\n<p>Le revenu journalier moyen par unit\u00e9 et les niveaux d&rsquo;occupation ont atteint les plus hauts niveaux historiques ces derni\u00e8res ann\u00e9es, principalement en raison de l&rsquo;effet migratoire de l&rsquo;arriv\u00e9e des nomades num\u00e9riques.<\/p>\n<p>Les retours sur investissement (ROI) atteignent 14 % par an et les pr\u00e9visions indiquent que cette situation n&rsquo;est pas pr\u00eate de changer.<\/p>\n\t\t\t\t\t\t<\/div>\n\t\t\t\t<\/div>\n\t\t\t\t<div class=\"elementor-element elementor-element-2ccbc6cb elementor-widget-divider--view-line elementor-widget elementor-widget-divider\" data-id=\"2ccbc6cb\" data-element_type=\"widget\" data-widget_type=\"divider.default\">\n\t\t\t\t<div class=\"elementor-widget-container\">\n\t\t\t\t\t<div class=\"elementor-divider\">\n\t\t\t<span class=\"elementor-divider-separator\">\n\t\t\t\t\t\t<\/span>\n\t\t<\/div>\n\t\t\t\t<\/div>\n\t\t\t\t<\/div>\n\t\t\t\t<div class=\"elementor-element elementor-element-79101a26 elementor-widget-divider--view-line elementor-widget elementor-widget-divider\" data-id=\"79101a26\" data-element_type=\"widget\" data-widget_type=\"divider.default\">\n\t\t\t\t<div class=\"elementor-widget-container\">\n\t\t\t\t\t<div class=\"elementor-divider\">\n\t\t\t<span class=\"elementor-divider-separator\">\n\t\t\t\t\t\t<\/span>\n\t\t<\/div>\n\t\t\t\t<\/div>\n\t\t\t\t<\/div>\n\t\t\t\t\t<\/div>\n\t\t<\/div>\n\t\t\t\t\t\t\t<\/div>\n\t\t<\/section>\n\t\t\t\t<section class=\"elementor-section elementor-top-section elementor-element elementor-element-57827ab elementor-section-boxed elementor-section-height-default elementor-section-height-default\" data-id=\"57827ab\" data-element_type=\"section\">\n\t\t\t\t\t\t\t<div class=\"elementor-background-overlay\"><\/div>\n\t\t\t\t\t\t\t<div class=\"elementor-container elementor-column-gap-no\">\n\t\t\t\t\t<div class=\"elementor-column elementor-col-100 elementor-top-column elementor-element elementor-element-750af005\" data-id=\"750af005\" data-element_type=\"column\">\n\t\t\t<div class=\"elementor-widget-wrap elementor-element-populated\">\n\t\t\t\t\t\t\t\t<section class=\"elementor-section elementor-inner-section elementor-element elementor-element-1a8f1df9 elementor-section-boxed elementor-section-height-default elementor-section-height-default\" data-id=\"1a8f1df9\" data-element_type=\"section\">\n\t\t\t\t\t\t<div class=\"elementor-container elementor-column-gap-no\">\n\t\t\t\t\t<div class=\"elementor-column elementor-col-100 elementor-inner-column elementor-element elementor-element-225bb9fb\" data-id=\"225bb9fb\" data-element_type=\"column\">\n\t\t\t<div class=\"elementor-widget-wrap elementor-element-populated\">\n\t\t\t\t\t\t\t\t<div class=\"elementor-element elementor-element-2b76bf72 animated-slow elementor-invisible elementor-widget elementor-widget-heading\" data-id=\"2b76bf72\" data-element_type=\"widget\" data-settings=\"{&quot;_animation&quot;:&quot;fadeInLeft&quot;}\" data-widget_type=\"heading.default\">\n\t\t\t\t<div class=\"elementor-widget-container\">\n\t\t\t<h5 class=\"elementor-heading-title elementor-size-default\">Photos du projet<\/h5>\t\t<\/div>\n\t\t\t\t<\/div>\n\t\t\t\t<div class=\"elementor-element elementor-element-773fa0e6 animated-slow elementor-invisible elementor-widget elementor-widget-heading\" data-id=\"773fa0e6\" data-element_type=\"widget\" data-settings=\"{&quot;_animation&quot;:&quot;fadeInRight&quot;}\" data-widget_type=\"heading.default\">\n\t\t\t\t<div class=\"elementor-widget-container\">\n\t\t\t<h2 class=\"elementor-heading-title elementor-size-default\">Jetez un coup d'\u0153il au projet<\/h2>\t\t<\/div>\n\t\t\t\t<\/div>\n\t\t\t\t<div class=\"elementor-element elementor-element-1386dc63 elementor-widget elementor-widget-text-editor\" data-id=\"1386dc63\" data-element_type=\"widget\" data-widget_type=\"text-editor.default\">\n\t\t\t\t<div class=\"elementor-widget-container\">\n\t\t\t\t\t\t\t<p>Au Kukul, vous pourrez d\u00e9couvrir le mysticisme naturel de Tulum au c\u0153ur du paradis. Des appartements spacieux qui s&rsquo;adaptent \u00e0 vos besoins, des espaces verts pour garder la combinaison parfaite avec la nature et des espaces communs pour partager et vivre Tulum.  <\/p>\n\t\t\t\t\t\t<\/div>\n\t\t\t\t<\/div>\n\t\t\t\t\t<\/div>\n\t\t<\/div>\n\t\t\t\t\t\t\t<\/div>\n\t\t<\/section>\n\t\t\t\t<section class=\"elementor-section elementor-inner-section elementor-element elementor-element-560980b0 animated-slow elementor-section-boxed elementor-section-height-default elementor-section-height-default elementor-invisible\" data-id=\"560980b0\" data-element_type=\"section\" data-settings=\"{&quot;animation&quot;:&quot;fadeInUp&quot;}\">\n\t\t\t\t\t\t<div class=\"elementor-container elementor-column-gap-no\">\n\t\t\t\t\t<div class=\"elementor-column elementor-col-100 elementor-inner-column elementor-element elementor-element-5c69cfd8\" data-id=\"5c69cfd8\" data-element_type=\"column\">\n\t\t\t<div class=\"elementor-widget-wrap elementor-element-populated\">\n\t\t\t\t\t\t\t\t<div class=\"elementor-element elementor-element-6437d7b3 elementor-widget elementor-widget-jkit_gallery\" data-id=\"6437d7b3\" data-element_type=\"widget\" data-widget_type=\"jkit_gallery.default\">\n\t\t\t\t<div class=\"elementor-widget-container\">\n\t\t\t<div class=\"jeg-elementor-kit jkit-gallery layout-overlay jeg_module___69e4dfb2539a6\" data-grid=\"masonry\" data-id=\"jeg_module___69e4dfb2539a6\" data-per-page=\"6\" data-load-more=\"0\" data-current-loaded=\"3\" data-count-items=\"3\" data-animation-duration=\"500\" data-no-more=\"No More Item\" data-items=\"[&quot;&lt;div class=\\&quot;gallery-item-wrap \\&quot;&gt; &lt;div class=\\&quot;grid-item\\&quot;&gt;&lt;div class=\\&quot;thumbnail-wrap\\&quot;&gt;&lt;img src=\\&quot;http:\\\/\\\/52.53.150.226\\\/wp-content\\\/uploads\\\/2022\\\/12\\\/Imagen38.png\\&quot; &gt;&lt;\\\/div&gt;&lt;a href=\\&quot;http:\\\/\\\/52.53.150.226\\\/wp-content\\\/uploads\\\/2022\\\/12\\\/Imagen38.png\\&quot; class=\\&quot;gallery-link\\&quot; data-elementor-open-lightbox=\\&quot;yes\\&quot; data-elementor-lightbox-slideshow=\\&quot;jkit_gallery_lightbox_jeg_module___69e4dfb2539a6\\&quot; &gt;&lt;div class=\\&quot;caption-wrap style-overlay overlay-fade\\&quot;&gt; &lt;div class=\\&quot;item-hover-bg\\&quot;&gt;&lt;\\\/div&gt; &lt;div class=\\&quot;item-caption-over\\&quot;&gt; &lt;h5 class=\\&quot;item-title\\&quot;&gt;&lt;\\\/h5&gt; &lt;div class=\\&quot;item-content\\&quot;&gt;&lt;\\\/div&gt; &lt;\\\/div&gt; &lt;div class=\\&quot;caption-head\\&quot;&gt;&lt;\\\/div&gt; &lt;div class=\\&quot;caption-category\\&quot;&gt;&lt;\\\/div&gt; &lt;\\\/div&gt;&lt;\\\/a&gt;&lt;\\\/div&gt; &lt;\\\/div&gt;&quot;,&quot;&lt;div class=\\&quot;gallery-item-wrap \\&quot;&gt; &lt;div class=\\&quot;grid-item\\&quot;&gt;&lt;div class=\\&quot;thumbnail-wrap\\&quot;&gt;&lt;img src=\\&quot;http:\\\/\\\/52.53.150.226\\\/wp-content\\\/uploads\\\/2023\\\/01\\\/Imagen40.png\\&quot; &gt;&lt;\\\/div&gt;&lt;a href=\\&quot;http:\\\/\\\/www.crassus.mx\\\/wp-content\\\/uploads\\\/2023\\\/01\\\/Imagen40.png\\&quot; class=\\&quot;gallery-link\\&quot; data-elementor-open-lightbox=\\&quot;yes\\&quot; data-elementor-lightbox-slideshow=\\&quot;jkit_gallery_lightbox_jeg_module___69e4dfb2539a6\\&quot; &gt;&lt;div class=\\&quot;caption-wrap style-overlay overlay-fade\\&quot;&gt; &lt;div class=\\&quot;item-hover-bg\\&quot;&gt;&lt;\\\/div&gt; &lt;div class=\\&quot;item-caption-over\\&quot;&gt; &lt;h5 class=\\&quot;item-title\\&quot;&gt;&lt;\\\/h5&gt; &lt;div class=\\&quot;item-content\\&quot;&gt;&lt;\\\/div&gt; &lt;\\\/div&gt; &lt;div class=\\&quot;caption-head\\&quot;&gt;&lt;\\\/div&gt; &lt;div class=\\&quot;caption-category\\&quot;&gt;&lt;\\\/div&gt; &lt;\\\/div&gt;&lt;\\\/a&gt;&lt;\\\/div&gt; &lt;\\\/div&gt;&quot;,&quot;&lt;div class=\\&quot;gallery-item-wrap \\&quot;&gt; &lt;div class=\\&quot;grid-item\\&quot;&gt;&lt;div class=\\&quot;thumbnail-wrap\\&quot;&gt;&lt;img src=\\&quot;http:\\\/\\\/52.53.150.226\\\/wp-content\\\/uploads\\\/2022\\\/12\\\/Pool.png\\&quot; &gt;&lt;\\\/div&gt;&lt;a href=\\&quot;http:\\\/\\\/52.53.150.226\\\/wp-content\\\/uploads\\\/2022\\\/12\\\/Pool.png\\&quot; class=\\&quot;gallery-link\\&quot; data-elementor-open-lightbox=\\&quot;yes\\&quot; data-elementor-lightbox-slideshow=\\&quot;jkit_gallery_lightbox_jeg_module___69e4dfb2539a6\\&quot; &gt;&lt;div class=\\&quot;caption-wrap style-overlay overlay-fade\\&quot;&gt; &lt;div class=\\&quot;item-hover-bg\\&quot;&gt;&lt;\\\/div&gt; &lt;div class=\\&quot;item-caption-over\\&quot;&gt; &lt;h5 class=\\&quot;item-title\\&quot;&gt;&lt;\\\/h5&gt; &lt;div class=\\&quot;item-content\\&quot;&gt;&lt;\\\/div&gt; &lt;\\\/div&gt; &lt;div class=\\&quot;caption-head\\&quot;&gt;&lt;\\\/div&gt; &lt;div class=\\&quot;caption-category\\&quot;&gt;&lt;\\\/div&gt; &lt;\\\/div&gt;&lt;\\\/a&gt;&lt;\\\/div&gt; &lt;\\\/div&gt;&quot;]\">\n            <div class=\"gallery-items\"><div class=\"gallery-item-wrap \"> <div class=\"grid-item\"><div class=\"thumbnail-wrap\"><img decoding=\"async\" src=\"http:\/\/52.53.150.226\/wp-content\/uploads\/2022\/12\/Imagen38.png\"><\/div><a href=\"http:\/\/52.53.150.226\/wp-content\/uploads\/2022\/12\/Imagen38.png\" class=\"gallery-link\" data-elementor-open-lightbox=\"yes\" data-elementor-lightbox-slideshow=\"jkit_gallery_lightbox_jeg_module___69e4dfb2539a6\"><div class=\"caption-wrap style-overlay overlay-fade\"> <div class=\"item-hover-bg\"><\/div> <div class=\"item-caption-over\"> <h5 class=\"item-title\"><\/h5> <div class=\"item-content\"><\/div> <\/div> <div class=\"caption-head\"><\/div> <div class=\"caption-category\"><\/div> <\/div><\/a><\/div> <\/div><div class=\"gallery-item-wrap \"> <div class=\"grid-item\"><div class=\"thumbnail-wrap\"><img decoding=\"async\" src=\"http:\/\/52.53.150.226\/wp-content\/uploads\/2023\/01\/Imagen40.png\"><\/div><a href=\"http:\/\/www.crassus.mx\/wp-content\/uploads\/2023\/01\/Imagen40.png\" class=\"gallery-link\" data-elementor-open-lightbox=\"yes\" data-elementor-lightbox-slideshow=\"jkit_gallery_lightbox_jeg_module___69e4dfb2539a6\"><div class=\"caption-wrap style-overlay overlay-fade\"> <div class=\"item-hover-bg\"><\/div> <div class=\"item-caption-over\"> <h5 class=\"item-title\"><\/h5> <div class=\"item-content\"><\/div> <\/div> <div class=\"caption-head\"><\/div> <div class=\"caption-category\"><\/div> <\/div><\/a><\/div> <\/div><div class=\"gallery-item-wrap \"> <div class=\"grid-item\"><div class=\"thumbnail-wrap\"><img decoding=\"async\" src=\"http:\/\/52.53.150.226\/wp-content\/uploads\/2022\/12\/Pool.png\"><\/div><a href=\"http:\/\/52.53.150.226\/wp-content\/uploads\/2022\/12\/Pool.png\" class=\"gallery-link\" data-elementor-open-lightbox=\"yes\" data-elementor-lightbox-slideshow=\"jkit_gallery_lightbox_jeg_module___69e4dfb2539a6\"><div class=\"caption-wrap style-overlay overlay-fade\"> <div class=\"item-hover-bg\"><\/div> <div class=\"item-caption-over\"> <h5 class=\"item-title\"><\/h5> <div class=\"item-content\"><\/div> <\/div> <div class=\"caption-head\"><\/div> <div class=\"caption-category\"><\/div> <\/div><\/a><\/div> <\/div><\/div>\n            <div class=\"load-more-items\"><\/div><\/div>\t\t<\/div>\n\t\t\t\t<\/div>\n\t\t\t\t\t<\/div>\n\t\t<\/div>\n\t\t\t\t\t\t\t<\/div>\n\t\t<\/section>\n\t\t\t\t\t<\/div>\n\t\t<\/div>\n\t\t\t\t\t\t\t<\/div>\n\t\t<\/section>\n\t\t\t\t<section class=\"elementor-section elementor-top-section elementor-element elementor-element-1726b25d elementor-section-boxed elementor-section-height-default elementor-section-height-default\" data-id=\"1726b25d\" data-element_type=\"section\" data-settings=\"{&quot;background_background&quot;:&quot;classic&quot;}\">\n\t\t\t\t\t\t\t<div class=\"elementor-background-overlay\"><\/div>\n\t\t\t\t\t\t\t<div class=\"elementor-container elementor-column-gap-no\">\n\t\t\t\t\t<div class=\"elementor-column elementor-col-100 elementor-top-column elementor-element elementor-element-3cdf761c\" data-id=\"3cdf761c\" data-element_type=\"column\">\n\t\t\t<div class=\"elementor-widget-wrap elementor-element-populated\">\n\t\t\t\t\t\t\t\t<div class=\"elementor-element elementor-element-53d6b891 animated-slow elementor-invisible elementor-widget elementor-widget-heading\" data-id=\"53d6b891\" data-element_type=\"widget\" data-settings=\"{&quot;_animation&quot;:&quot;fadeInRight&quot;}\" data-widget_type=\"heading.default\">\n\t\t\t\t<div class=\"elementor-widget-container\">\n\t\t\t<h2 class=\"elementor-heading-title elementor-size-default\">Restez au courant des nouvelles, des nouveaux projets et plus encore !<\/h2>\t\t<\/div>\n\t\t\t\t<\/div>\n\t\t\t\t<div class=\"elementor-element elementor-element-7e1faa2d animated-slow elementor-invisible elementor-widget elementor-widget-jkit_mailchimp\" data-id=\"7e1faa2d\" data-element_type=\"widget\" data-settings=\"{&quot;_animation&quot;:&quot;fadeInRight&quot;}\" data-widget_type=\"jkit_mailchimp.default\">\n\t\t\t\t<div class=\"elementor-widget-container\">\n\t\t\t<div class=\"jeg-elementor-kit jkit-mailchimp style-inline jeg_module__1_69e4dfb25dbe2\"><form method=\"post\" class=\"jkit-mailchimp-form\" data-listed=\"\" data-success-message=\"Correo Suscrito Correctamente!\" data-error-message=\"Un probl\u00e8me est survenu\">\n            <div class=\"jkit-mailchimp-message\"><\/div>\n            <div class=\"jkit-form-wrapper email-form\">\n                <div class=\"jkit-mailchimp-email jkit-input-wrapper input-container\">\n            <div class=\"jkit-form-group\">\n                <div class=\"jkit-input-element-container jkit-input-group\">\n                    <input type=\"email\" name=\"email\" class=\"jkit-email jkit-form-control \" placeholder=\"Tu Correo Electr\u00f3nico\" required=\"\">\n                <\/div>\n            <\/div>\n        <\/div><div class=\"jkit-submit-input-holder jkit-input-wrapper\">\n            <button type=\"submit\" class=\"jkit-mailchimp-submit position-before\" name=\"jkit-mailchimp\">\n                Suscribirse\n            <\/button>\n        <\/div>\n            <\/div>\n        <\/form><\/div>\t\t<\/div>\n\t\t\t\t<\/div>\n\t\t\t\t\t<\/div>\n\t\t<\/div>\n\t\t\t\t\t\t\t<\/div>\n\t\t<\/section>\n\t\t\t\t\t\t\t<\/div>\n\t\t","protected":false},"excerpt":{"rendered":"<p>Kukul \u00c0 SEULEMENT 5 MINUTES DE LA PLAGE ! RENCONTRE AVEC KUKUL Les meilleures destinations en termes de croissance immobili\u00e8re se trouvent dans la Riviera Maya, Tulum est le meilleur endroit au monde pour investir dans l&rsquo;immobilier. Le revenu journalier moyen par unit\u00e9 et les niveaux d&rsquo;occupation ont atteint les plus hauts niveaux historiques ces [&hellip;]<\/p>\n","protected":false},"author":1,"featured_media":0,"parent":0,"menu_order":0,"comment_status":"closed","ping_status":"closed","template":"","meta":[],"_links":{"self":[{"href":"http:\/\/52.53.150.226\/fr\/wp-json\/wp\/v2\/pages\/817"}],"collection":[{"href":"http:\/\/52.53.150.226\/fr\/wp-json\/wp\/v2\/pages"}],"about":[{"href":"http:\/\/52.53.150.226\/fr\/wp-json\/wp\/v2\/types\/page"}],"author":[{"embeddable":true,"href":"http:\/\/52.53.150.226\/fr\/wp-json\/wp\/v2\/users\/1"}],"replies":[{"embeddable":true,"href":"http:\/\/52.53.150.226\/fr\/wp-json\/wp\/v2\/comments?post=817"}],"version-history":[{"count":2,"href":"http:\/\/52.53.150.226\/fr\/wp-json\/wp\/v2\/pages\/817\/revisions"}],"predecessor-version":[{"id":905,"href":"http:\/\/52.53.150.226\/fr\/wp-json\/wp\/v2\/pages\/817\/revisions\/905"}],"wp:attachment":[{"href":"http:\/\/52.53.150.226\/fr\/wp-json\/wp\/v2\/media?parent=817"}],"curies":[{"name":"wp","href":"https:\/\/api.w.org\/{rel}","templated":true}]}}